{"id":495,"date":"2020-06-23T15:44:52","date_gmt":"2020-06-23T13:44:52","guid":{"rendered":"https:\/\/masterclass.dallan.com\/bobines\/"},"modified":"2020-06-23T15:47:19","modified_gmt":"2020-06-23T13:47:19","slug":"bobines","status":"publish","type":"page","link":"https:\/\/masterclass.dallan.com\/fr\/bobines\/","title":{"rendered":"Bobines"},"content":{"rendered":"\t\t<div data-elementor-type=\"wp-page\" data-elementor-id=\"495\" class=\"elementor elementor-495 elementor-458\" data-elementor-post-type=\"page\">\n\t\t\t\t\t\t<section class=\"elementor-section elementor-top-section elementor-element elementor-element-922ac8d elementor-section-boxed elementor-section-height-default elementor-section-height-default\" data-id=\"922ac8d\" data-element_type=\"section\" data-settings=\"{&quot;sticky&quot;:&quot;top&quot;,&quot;sticky_on&quot;:[&quot;desktop&quot;,&quot;tablet&quot;],&quot;sticky_effects_offset&quot;:50,&quot;sticky_offset&quot;:0,&quot;sticky_anchor_link_offset&quot;:0}\">\n\t\t\t\t\t\t<div class=\"elementor-container elementor-column-gap-default\">\n\t\t\t\t\t<div class=\"elementor-column elementor-col-100 elementor-top-column elementor-element elementor-element-1bef7cc\" data-id=\"1bef7cc\" data-element_type=\"column\" data-settings=\"{&quot;background_background&quot;:&quot;classic&quot;}\">\n\t\t\t<div class=\"elementor-widget-wrap elementor-element-populated\">\n\t\t\t\t\t\t<div class=\"elementor-element elementor-element-90808d4 elementor-widget elementor-widget-heading\" data-id=\"90808d4\" data-element_type=\"widget\" data-widget_type=\"heading.default\">\n\t\t\t\t<div class=\"elementor-widget-container\">\n\t\t\t\t\t<h2 class=\"elementor-heading-title elementor-size-default\">La R\u00e9volution de l'Efficience<\/h2>\t\t\t\t<\/div>\n\t\t\t\t<\/div>\n\t\t\t\t<div class=\"elementor-element elementor-element-17b1fd3 elementor-widget elementor-widget-heading\" data-id=\"17b1fd3\" data-element_type=\"widget\" data-widget_type=\"heading.default\">\n\t\t\t\t<div class=\"elementor-widget-container\">\n\t\t\t\t\t<h1 class=\"elementor-heading-title elementor-size-default\">Bobines<\/h1>\t\t\t\t<\/div>\n\t\t\t\t<\/div>\n\t\t\t\t\t<\/div>\n\t\t<\/div>\n\t\t\t\t\t<\/div>\n\t\t<\/section>\n\t\t\t\t<section class=\"elementor-section elementor-top-section elementor-element elementor-element-8b9fb1c elementor-section-content-space-around elementor-section-boxed elementor-section-height-default elementor-section-height-default\" data-id=\"8b9fb1c\" data-element_type=\"section\" data-settings=\"{&quot;background_background&quot;:&quot;classic&quot;}\">\n\t\t\t\t\t\t\t<div class=\"elementor-background-overlay\"><\/div>\n\t\t\t\t\t\t\t<div class=\"elementor-container elementor-column-gap-default\">\n\t\t\t\t\t<div class=\"elementor-column elementor-col-100 elementor-top-column elementor-element elementor-element-067ab35\" data-id=\"067ab35\" data-element_type=\"column\">\n\t\t\t<div class=\"elementor-widget-wrap elementor-element-populated\">\n\t\t\t\t\t\t<div class=\"elementor-element elementor-element-b9d72a9 elementor-widget elementor-widget-text-editor\" data-id=\"b9d72a9\" data-element_type=\"widget\" data-widget_type=\"text-editor.default\">\n\t\t\t\t<div class=\"elementor-widget-container\">\n\t\t\t\t\t\t\t\t\t<p>Bienvenue et f\u00e9licitations pour votre d\u00e9cision, en tant que responsable de production avis\u00e9, de vous doter de nouveaux outils permettant d\u2019<strong>optimiser la gestion de la production<\/strong>.<\/p>\n<p>Entrez votre e-mail ici : vous recevrez prochainement un e-mail accompagn\u00e9 d\u2019un fichier Excel contenant les formules pour le calcul rapide du poids et de la longueur des bobines.<\/p>\n\t\t\t\t\t\t\t\t<\/div>\n\t\t\t\t<\/div>\n\t\t\t\t<div class=\"elementor-element elementor-element-be1c35e elementor-widget elementor-widget-shortcode\" data-id=\"be1c35e\" data-element_type=\"widget\" data-widget_type=\"shortcode.default\">\n\t\t\t\t<div class=\"elementor-widget-container\">\n\t\t\t\t\t\t\t<div class=\"elementor-shortcode\">\n<div class=\"wpcf7 no-js\" id=\"wpcf7-f487-o1\" lang=\"fr-FR\" dir=\"ltr\" data-wpcf7-id=\"487\">\n<div class=\"screen-reader-response\"><p role=\"status\" aria-live=\"polite\" aria-atomic=\"true\"><\/p> <ul><\/ul><\/div>\n<form action=\"\/fr\/wp-json\/wp\/v2\/pages\/495#wpcf7-f487-o1\" method=\"post\" class=\"wpcf7-form init demo chimpmatic-1.7.8.02 b57fd2a1f551 cmatic-conn cmatic-aud-14 cmatic-mapd0-0 cmatic-v097803 cmatic-pro-v17802 cmatic-sent-0 cmatic-total-1\" aria-label=\"Formulaire de contact\" novalidate=\"novalidate\" data-status=\"init\">\n<fieldset class=\"hidden-fields-container\"><input type=\"hidden\" name=\"_wpcf7\" value=\"487\" \/><input type=\"hidden\" name=\"_wpcf7_version\" value=\"6.1.4\" \/><input type=\"hidden\" name=\"_wpcf7_locale\" value=\"fr_FR\" \/><input type=\"hidden\" name=\"_wpcf7_unit_tag\" value=\"wpcf7-f487-o1\" \/><input type=\"hidden\" name=\"_wpcf7_container_post\" value=\"0\" \/><input type=\"hidden\" name=\"_wpcf7_posted_data_hash\" value=\"\" \/><input type=\"hidden\" name=\"_wpcf7_recaptcha_response\" value=\"\" \/>\n<\/fieldset>\n<p><span class=\"wpcf7-form-control-wrap\" data-name=\"Nome\"><input size=\"40\" maxlength=\"400\" class=\"wpcf7-form-control wpcf7-text wpcf7-validates-as-required\" aria-required=\"true\" aria-invalid=\"false\" placeholder=\"Pr\u00e9nom*\" value=\"\" type=\"text\" name=\"Nome\" \/><\/span>\n<\/p>\n<p><span class=\"wpcf7-form-control-wrap\" data-name=\"Email\"><input size=\"40\" maxlength=\"400\" class=\"wpcf7-form-control wpcf7-email wpcf7-validates-as-required wpcf7-text wpcf7-validates-as-email\" aria-required=\"true\" aria-invalid=\"false\" placeholder=\"Email*\" value=\"\" type=\"email\" name=\"Email\" \/><\/span>\n<\/p>\n<div style=\"font-size:16px; margin-bottom:35px\">\n\t<p><span class=\"wpcf7-form-control-wrap\" data-name=\"masterclass\"><span class=\"wpcf7-form-control wpcf7-checkbox wpcf7-validates-as-required\"><span class=\"wpcf7-list-item first last\"><input type=\"checkbox\" name=\"masterclass[]\" value=\"*\" \/><span class=\"wpcf7-list-item-label\">*<\/span><\/span><\/span><\/span><label for=\"masterclass\">Je souhaite recevoir des alertes sur les classes \u00e0 venir ma\u00eetres et des contenus exclusifs sur:<\/label>\n\t<\/p>\n<\/div>\n<p><span class=\"wpcf7-form-control-wrap\" data-name=\"Interessi\"><select class=\"wpcf7-form-control wpcf7-select wpcf7-validates-as-required intrss\" aria-required=\"true\" aria-invalid=\"false\" name=\"Interessi\"><option value=\"\">&#8212;Veuillez choisir une option&#8212;<\/option><option value=\"Machines laser et poin\u00e7onnage\">Machines laser et poin\u00e7onnage<\/option><option value=\"Les machines pour volets roulants et protection solaire\">Les machines pour volets roulants et protection solaire<\/option><option value=\"Cloisons s\u00e8ches et machines de finition int\u00e9rieure\">Cloisons s\u00e8ches et machines de finition int\u00e9rieure<\/option><option value=\"Machines pour plafonds m\u00e9talliques\">Machines pour plafonds m\u00e9talliques<\/option><option value=\"Tout\">Tout<\/option><\/select><\/span>\n<\/p>\n<p><span class=\"wpcf7-form-control-wrap\" data-name=\"language\"><select class=\"wpcf7-form-control wpcf7-select hidfield\" aria-invalid=\"false\" name=\"language\"><option value=\"FRA\">FRA<\/option><\/select><\/span>\n<\/p>\n<div style=\"font-size:16px; margin-bottom:35px; margin-top:40px;\">\n\t<p><span class=\"wpcf7-form-control-wrap\" data-name=\"PrivacyCF7\"><span class=\"wpcf7-form-control wpcf7-checkbox wpcf7-validates-as-required\"><span class=\"wpcf7-list-item first last\"><input type=\"checkbox\" name=\"PrivacyCF7[]\" value=\"*\" \/><span class=\"wpcf7-list-item-label\">*<\/span><\/span><\/span><\/span><label for=\"privacy\">En soumettant ce formulaire, vous confirmez que vous avez lu et accept\u00e9 les<a href=\"https:\/\/www.dallan.com\/it\/privacy-policy\/\" target=\"_black\">Conditions Dallan Politique de confidentialit\u00e9<\/a><\/label>\n\t<\/p>\n\t<p>Je donne mes coordonn\u00e9es pour Dallan peuvent en savoir plus sur les \u00e9v\u00e9nements Masterclass selon mes pr\u00e9f\u00e9rences. Je suis conscient que j'ai la possibilit\u00e9 de supprimer mes donn\u00e9es \u00e0 tout moment. Le consentement \u00e0 recevoir des e-mails marketing de Dallan Spa.\n\t<\/p>\n<\/div>\n<p><input class=\"wpcf7-form-control wpcf7-submit has-spinner btcn7\" type=\"submit\" value=\"Envoyez-moi un fichier Excel\" \/>\n<\/p><div class=\"wpcf7-response-output\" aria-hidden=\"true\"><\/div>\n<\/form>\n<\/div>\n<\/div>\n\t\t\t\t\t\t<\/div>\n\t\t\t\t<\/div>\n\t\t\t\t\t<\/div>\n\t\t<\/div>\n\t\t\t\t\t<\/div>\n\t\t<\/section>\n\t\t\t\t<section class=\"elementor-section elementor-top-section elementor-element elementor-element-7c5417c elementor-section-boxed elementor-section-height-default elementor-section-height-default\" data-id=\"7c5417c\" data-element_type=\"section\">\n\t\t\t\t\t\t<div class=\"elementor-container elementor-column-gap-default\">\n\t\t\t\t\t<div class=\"elementor-column elementor-col-50 elementor-top-column elementor-element elementor-element-a1a9569\" data-id=\"a1a9569\" data-element_type=\"column\" data-settings=\"{&quot;background_background&quot;:&quot;classic&quot;}\">\n\t\t\t<div class=\"elementor-widget-wrap elementor-element-populated\">\n\t\t\t\t\t\t<div class=\"elementor-element elementor-element-c703ae3 elementor-widget elementor-widget-image\" data-id=\"c703ae3\" data-element_type=\"widget\" data-widget_type=\"image.default\">\n\t\t\t\t<div class=\"elementor-widget-container\">\n\t\t\t\t\t\t\t\t\t\t\t\t\t\t\t<img fetchpriority=\"high\" decoding=\"async\" width=\"800\" height=\"276\" src=\"https:\/\/masterclass.dallan.com\/wp-content\/uploads\/2020\/05\/dallan-logo-gray.png\" class=\"attachment-large size-large wp-image-177\" alt=\"\" srcset=\"https:\/\/masterclass.dallan.com\/wp-content\/uploads\/2020\/05\/dallan-logo-gray.png 800w, https:\/\/masterclass.dallan.com\/wp-content\/uploads\/2020\/05\/dallan-logo-gray-300x104.png 300w, https:\/\/masterclass.dallan.com\/wp-content\/uploads\/2020\/05\/dallan-logo-gray-768x265.png 768w\" sizes=\"(max-width: 800px) 100vw, 800px\" \/>\t\t\t\t\t\t\t\t\t\t\t\t\t\t\t<\/div>\n\t\t\t\t<\/div>\n\t\t\t\t<div class=\"elementor-element elementor-element-e67ccd0 elementor-widget elementor-widget-text-editor\" data-id=\"e67ccd0\" data-element_type=\"widget\" data-widget_type=\"text-editor.default\">\n\t\t\t\t<div class=\"elementor-widget-container\">\n\t\t\t\t\t\t\t\t\t<p>Dallan Spa<br \/>via per Salvatronda, 50<br \/>Castelfranco Veneto &#8211; Italy<\/p>\n\t\t\t\t\t\t\t\t<\/div>\n\t\t\t\t<\/div>\n\t\t\t\t\t<\/div>\n\t\t<\/div>\n\t\t\t\t<div class=\"elementor-column elementor-col-50 elementor-top-column elementor-element elementor-element-d9af41f\" data-id=\"d9af41f\" data-element_type=\"column\" data-settings=\"{&quot;background_background&quot;:&quot;classic&quot;}\">\n\t\t\t<div class=\"elementor-widget-wrap elementor-element-populated\">\n\t\t\t\t\t\t<div class=\"elementor-element elementor-element-0433047 elementor-widget elementor-widget-heading\" data-id=\"0433047\" data-element_type=\"widget\" data-widget_type=\"heading.default\">\n\t\t\t\t<div class=\"elementor-widget-container\">\n\t\t\t\t\t<p class=\"elementor-heading-title elementor-size-default\">Solutions and Systems<br>for thin materials and ahestetic profiles<\/p>\t\t\t\t<\/div>\n\t\t\t\t<\/div>\n\t\t\t\t<div class=\"elementor-element elementor-element-9c85bc8 elementor-shape-circle e-grid-align-right elementor-grid-0 elementor-widget elementor-widget-social-icons\" data-id=\"9c85bc8\" data-element_type=\"widget\" data-widget_type=\"social-icons.default\">\n\t\t\t\t<div class=\"elementor-widget-container\">\n\t\t\t\t\t\t\t<div class=\"elementor-social-icons-wrapper elementor-grid\" role=\"list\">\n\t\t\t\t\t\t\t<span class=\"elementor-grid-item\" role=\"listitem\">\n\t\t\t\t\t<a class=\"elementor-icon elementor-social-icon elementor-social-icon-facebook elementor-repeater-item-b8c82c1\" href=\"https:\/\/www.facebook.com\/dallanspa\/\" target=\"_blank\">\n\t\t\t\t\t\t<span class=\"elementor-screen-only\">Facebook<\/span>\n\t\t\t\t\t\t<i aria-hidden=\"true\" class=\"fab fa-facebook\"><\/i>\t\t\t\t\t<\/a>\n\t\t\t\t<\/span>\n\t\t\t\t\t\t\t<span class=\"elementor-grid-item\" role=\"listitem\">\n\t\t\t\t\t<a class=\"elementor-icon elementor-social-icon elementor-social-icon-youtube elementor-repeater-item-09076d4\" href=\"https:\/\/www.youtube.com\/user\/DallanSPA\" target=\"_blank\">\n\t\t\t\t\t\t<span class=\"elementor-screen-only\">Youtube<\/span>\n\t\t\t\t\t\t<i aria-hidden=\"true\" class=\"fab fa-youtube\"><\/i>\t\t\t\t\t<\/a>\n\t\t\t\t<\/span>\n\t\t\t\t\t\t\t<span class=\"elementor-grid-item\" role=\"listitem\">\n\t\t\t\t\t<a class=\"elementor-icon elementor-social-icon elementor-social-icon-linkedin elementor-repeater-item-94d548a\" href=\"https:\/\/www.linkedin.com\/company\/dallan-spa\" target=\"_blank\">\n\t\t\t\t\t\t<span class=\"elementor-screen-only\">Linkedin<\/span>\n\t\t\t\t\t\t<i aria-hidden=\"true\" class=\"fab fa-linkedin\"><\/i>\t\t\t\t\t<\/a>\n\t\t\t\t<\/span>\n\t\t\t\t\t<\/div>\n\t\t\t\t\t\t<\/div>\n\t\t\t\t<\/div>\n\t\t\t\t<div class=\"elementor-element elementor-element-68f621e elementor-widget elementor-widget-heading\" data-id=\"68f621e\" data-element_type=\"widget\" data-widget_type=\"heading.default\">\n\t\t\t\t<div class=\"elementor-widget-container\">\n\t\t\t\t\t<p class=\"elementor-heading-title elementor-size-default\"><a href=\"https:\/\/www.dallan.com\/\">www.dallan.com<\/a><\/p>\t\t\t\t<\/div>\n\t\t\t\t<\/div>\n\t\t\t\t\t<\/div>\n\t\t<\/div>\n\t\t\t\t\t<\/div>\n\t\t<\/section>\n\t\t\t\t<\/div>\n\t\t","protected":false},"excerpt":{"rendered":"<p>La R\u00e9volution de l&rsquo;Efficience Bobines Bienvenue et f\u00e9licitations pour votre d\u00e9cision, en tant que responsable de production avis\u00e9, de vous doter de nouveaux outils permettant d\u2019optimiser la gestion de la production. Entrez votre e-mail ici : vous recevrez prochainement un e-mail accompagn\u00e9 d\u2019un fichier Excel contenant les formules pour le calcul rapide du poids et [&hellip;]<\/p>\n","protected":false},"author":1,"featured_media":0,"parent":0,"menu_order":0,"comment_status":"closed","ping_status":"closed","template":"elementor_header_footer","meta":{"footnotes":""},"class_list":["post-495","page","type-page","status-publish","hentry"],"yoast_head":"<!-- This site is optimized with the Yoast SEO plugin v26.8 - https:\/\/yoast.com\/product\/yoast-seo-wordpress\/ -->\n<title>Bobines - Dallan Masterclass<\/title>\n<meta name=\"robots\" content=\"noindex, follow, max-snippet:-1, max-image-preview:large, max-video-preview:-1\" \/>\n<meta property=\"og:locale\" content=\"fr_FR\" \/>\n<meta property=\"og:type\" content=\"article\" \/>\n<meta property=\"og:title\" content=\"Bobines - Dallan Masterclass\" \/>\n<meta property=\"og:description\" content=\"La R\u00e9volution de l&rsquo;Efficience Bobines Bienvenue et f\u00e9licitations pour votre d\u00e9cision, en tant que responsable de production avis\u00e9, de vous doter de nouveaux outils permettant d\u2019optimiser la gestion de la production. Entrez votre e-mail ici : vous recevrez prochainement un e-mail accompagn\u00e9 d\u2019un fichier Excel contenant les formules pour le calcul rapide du poids et [&hellip;]\" \/>\n<meta property=\"og:url\" content=\"https:\/\/masterclass.dallan.com\/fr\/bobines\/\" \/>\n<meta property=\"og:site_name\" content=\"Dallan Masterclass\" \/>\n<meta property=\"article:modified_time\" content=\"2020-06-23T13:47:19+00:00\" \/>\n<meta property=\"og:image\" content=\"https:\/\/masterclass.dallan.com\/wp-content\/uploads\/2020\/05\/dallan-logo-gray.png\" \/>\n<meta name=\"twitter:card\" content=\"summary_large_image\" \/>\n<script type=\"application\/ld+json\" class=\"yoast-schema-graph\">{\"@context\":\"https:\/\/schema.org\",\"@graph\":[{\"@type\":\"WebPage\",\"@id\":\"https:\/\/masterclass.dallan.com\/fr\/bobines\/\",\"url\":\"https:\/\/masterclass.dallan.com\/fr\/bobines\/\",\"name\":\"Bobines - Dallan Masterclass\",\"isPartOf\":{\"@id\":\"https:\/\/masterclass.dallan.com\/it\/#website\"},\"primaryImageOfPage\":{\"@id\":\"https:\/\/masterclass.dallan.com\/fr\/bobines\/#primaryimage\"},\"image\":{\"@id\":\"https:\/\/masterclass.dallan.com\/fr\/bobines\/#primaryimage\"},\"thumbnailUrl\":\"https:\/\/masterclass.dallan.com\/wp-content\/uploads\/2020\/05\/dallan-logo-gray.png\",\"datePublished\":\"2020-06-23T13:44:52+00:00\",\"dateModified\":\"2020-06-23T13:47:19+00:00\",\"breadcrumb\":{\"@id\":\"https:\/\/masterclass.dallan.com\/fr\/bobines\/#breadcrumb\"},\"inLanguage\":\"fr-FR\",\"potentialAction\":[{\"@type\":\"ReadAction\",\"target\":[\"https:\/\/masterclass.dallan.com\/fr\/bobines\/\"]}]},{\"@type\":\"ImageObject\",\"inLanguage\":\"fr-FR\",\"@id\":\"https:\/\/masterclass.dallan.com\/fr\/bobines\/#primaryimage\",\"url\":\"https:\/\/masterclass.dallan.com\/wp-content\/uploads\/2020\/05\/dallan-logo-gray.png\",\"contentUrl\":\"https:\/\/masterclass.dallan.com\/wp-content\/uploads\/2020\/05\/dallan-logo-gray.png\"},{\"@type\":\"BreadcrumbList\",\"@id\":\"https:\/\/masterclass.dallan.com\/fr\/bobines\/#breadcrumb\",\"itemListElement\":[{\"@type\":\"ListItem\",\"position\":1,\"name\":\"Home\",\"item\":\"https:\/\/masterclass.dallan.com\/it\/\"},{\"@type\":\"ListItem\",\"position\":2,\"name\":\"Bobines\"}]},{\"@type\":\"WebSite\",\"@id\":\"https:\/\/masterclass.dallan.com\/it\/#website\",\"url\":\"https:\/\/masterclass.dallan.com\/it\/\",\"name\":\"Dallan Masterclass\",\"description\":\"Un nuovo sito targato WordPress\",\"potentialAction\":[{\"@type\":\"SearchAction\",\"target\":{\"@type\":\"EntryPoint\",\"urlTemplate\":\"https:\/\/masterclass.dallan.com\/it\/?s={search_term_string}\"},\"query-input\":{\"@type\":\"PropertyValueSpecification\",\"valueRequired\":true,\"valueName\":\"search_term_string\"}}],\"inLanguage\":\"fr-FR\"}]}<\/script>\n<!-- \/ Yoast SEO plugin. -->","yoast_head_json":{"title":"Bobines - Dallan Masterclass","robots":{"index":"noindex","follow":"follow","max-snippet":"max-snippet:-1","max-image-preview":"max-image-preview:large","max-video-preview":"max-video-preview:-1"},"og_locale":"fr_FR","og_type":"article","og_title":"Bobines - Dallan Masterclass","og_description":"La R\u00e9volution de l&rsquo;Efficience Bobines Bienvenue et f\u00e9licitations pour votre d\u00e9cision, en tant que responsable de production avis\u00e9, de vous doter de nouveaux outils permettant d\u2019optimiser la gestion de la production. Entrez votre e-mail ici : vous recevrez prochainement un e-mail accompagn\u00e9 d\u2019un fichier Excel contenant les formules pour le calcul rapide du poids et [&hellip;]","og_url":"https:\/\/masterclass.dallan.com\/fr\/bobines\/","og_site_name":"Dallan Masterclass","article_modified_time":"2020-06-23T13:47:19+00:00","og_image":[{"url":"https:\/\/masterclass.dallan.com\/wp-content\/uploads\/2020\/05\/dallan-logo-gray.png","type":"","width":"","height":""}],"twitter_card":"summary_large_image","schema":{"@context":"https:\/\/schema.org","@graph":[{"@type":"WebPage","@id":"https:\/\/masterclass.dallan.com\/fr\/bobines\/","url":"https:\/\/masterclass.dallan.com\/fr\/bobines\/","name":"Bobines - Dallan Masterclass","isPartOf":{"@id":"https:\/\/masterclass.dallan.com\/it\/#website"},"primaryImageOfPage":{"@id":"https:\/\/masterclass.dallan.com\/fr\/bobines\/#primaryimage"},"image":{"@id":"https:\/\/masterclass.dallan.com\/fr\/bobines\/#primaryimage"},"thumbnailUrl":"https:\/\/masterclass.dallan.com\/wp-content\/uploads\/2020\/05\/dallan-logo-gray.png","datePublished":"2020-06-23T13:44:52+00:00","dateModified":"2020-06-23T13:47:19+00:00","breadcrumb":{"@id":"https:\/\/masterclass.dallan.com\/fr\/bobines\/#breadcrumb"},"inLanguage":"fr-FR","potentialAction":[{"@type":"ReadAction","target":["https:\/\/masterclass.dallan.com\/fr\/bobines\/"]}]},{"@type":"ImageObject","inLanguage":"fr-FR","@id":"https:\/\/masterclass.dallan.com\/fr\/bobines\/#primaryimage","url":"https:\/\/masterclass.dallan.com\/wp-content\/uploads\/2020\/05\/dallan-logo-gray.png","contentUrl":"https:\/\/masterclass.dallan.com\/wp-content\/uploads\/2020\/05\/dallan-logo-gray.png"},{"@type":"BreadcrumbList","@id":"https:\/\/masterclass.dallan.com\/fr\/bobines\/#breadcrumb","itemListElement":[{"@type":"ListItem","position":1,"name":"Home","item":"https:\/\/masterclass.dallan.com\/it\/"},{"@type":"ListItem","position":2,"name":"Bobines"}]},{"@type":"WebSite","@id":"https:\/\/masterclass.dallan.com\/it\/#website","url":"https:\/\/masterclass.dallan.com\/it\/","name":"Dallan Masterclass","description":"Un nuovo sito targato WordPress","potentialAction":[{"@type":"SearchAction","target":{"@type":"EntryPoint","urlTemplate":"https:\/\/masterclass.dallan.com\/it\/?s={search_term_string}"},"query-input":{"@type":"PropertyValueSpecification","valueRequired":true,"valueName":"search_term_string"}}],"inLanguage":"fr-FR"}]}},"_links":{"self":[{"href":"https:\/\/masterclass.dallan.com\/fr\/wp-json\/wp\/v2\/pages\/495","targetHints":{"allow":["GET"]}}],"collection":[{"href":"https:\/\/masterclass.dallan.com\/fr\/wp-json\/wp\/v2\/pages"}],"about":[{"href":"https:\/\/masterclass.dallan.com\/fr\/wp-json\/wp\/v2\/types\/page"}],"author":[{"embeddable":true,"href":"https:\/\/masterclass.dallan.com\/fr\/wp-json\/wp\/v2\/users\/1"}],"replies":[{"embeddable":true,"href":"https:\/\/masterclass.dallan.com\/fr\/wp-json\/wp\/v2\/comments?post=495"}],"version-history":[{"count":2,"href":"https:\/\/masterclass.dallan.com\/fr\/wp-json\/wp\/v2\/pages\/495\/revisions"}],"predecessor-version":[{"id":503,"href":"https:\/\/masterclass.dallan.com\/fr\/wp-json\/wp\/v2\/pages\/495\/revisions\/503"}],"wp:attachment":[{"href":"https:\/\/masterclass.dallan.com\/fr\/wp-json\/wp\/v2\/media?parent=495"}],"curies":[{"name":"wp","href":"https:\/\/api.w.org\/{rel}","templated":true}]}}