{"id":537,"date":"2020-06-25T11:34:19","date_gmt":"2020-06-25T09:34:19","guid":{"rendered":"https:\/\/masterclass.dallan.com\/costo-producto\/"},"modified":"2020-06-25T11:38:41","modified_gmt":"2020-06-25T09:38:41","slug":"costo-producto","status":"publish","type":"page","link":"https:\/\/masterclass.dallan.com\/es\/costo-producto\/","title":{"rendered":"Costo del producto"},"content":{"rendered":"\t\t<div data-elementor-type=\"wp-page\" data-elementor-id=\"537\" class=\"elementor elementor-537 elementor-454\" data-elementor-post-type=\"page\">\n\t\t\t\t\t\t<section class=\"elementor-section elementor-top-section elementor-element elementor-element-922ac8d elementor-section-boxed elementor-section-height-default elementor-section-height-default\" data-id=\"922ac8d\" data-element_type=\"section\" data-settings=\"{&quot;sticky&quot;:&quot;top&quot;,&quot;sticky_on&quot;:[&quot;desktop&quot;,&quot;tablet&quot;],&quot;sticky_effects_offset&quot;:50,&quot;sticky_offset&quot;:0,&quot;sticky_anchor_link_offset&quot;:0}\">\n\t\t\t\t\t\t<div class=\"elementor-container elementor-column-gap-default\">\n\t\t\t\t\t<div class=\"elementor-column elementor-col-100 elementor-top-column elementor-element elementor-element-1bef7cc\" data-id=\"1bef7cc\" data-element_type=\"column\" data-settings=\"{&quot;background_background&quot;:&quot;classic&quot;}\">\n\t\t\t<div class=\"elementor-widget-wrap elementor-element-populated\">\n\t\t\t\t\t\t<div class=\"elementor-element elementor-element-90808d4 elementor-widget elementor-widget-heading\" data-id=\"90808d4\" data-element_type=\"widget\" data-widget_type=\"heading.default\">\n\t\t\t\t<div class=\"elementor-widget-container\">\n\t\t\t\t\t<h2 class=\"elementor-heading-title elementor-size-default\">La Revoluzi\u00f3n de la Eficiencia<\/h2>\t\t\t\t<\/div>\n\t\t\t\t<\/div>\n\t\t\t\t<div class=\"elementor-element elementor-element-17b1fd3 elementor-widget elementor-widget-heading\" data-id=\"17b1fd3\" data-element_type=\"widget\" data-widget_type=\"heading.default\">\n\t\t\t\t<div class=\"elementor-widget-container\">\n\t\t\t\t\t<h1 class=\"elementor-heading-title elementor-size-default\">COSTO DEL PRODUCTO<\/h1>\t\t\t\t<\/div>\n\t\t\t\t<\/div>\n\t\t\t\t\t<\/div>\n\t\t<\/div>\n\t\t\t\t\t<\/div>\n\t\t<\/section>\n\t\t\t\t<section class=\"elementor-section elementor-top-section elementor-element elementor-element-8b9fb1c elementor-section-content-space-around elementor-section-boxed elementor-section-height-default elementor-section-height-default\" data-id=\"8b9fb1c\" data-element_type=\"section\" data-settings=\"{&quot;background_background&quot;:&quot;classic&quot;}\">\n\t\t\t\t\t\t\t<div class=\"elementor-background-overlay\"><\/div>\n\t\t\t\t\t\t\t<div class=\"elementor-container elementor-column-gap-default\">\n\t\t\t\t\t<div class=\"elementor-column elementor-col-100 elementor-top-column elementor-element elementor-element-067ab35\" data-id=\"067ab35\" data-element_type=\"column\">\n\t\t\t<div class=\"elementor-widget-wrap elementor-element-populated\">\n\t\t\t\t\t\t<div class=\"elementor-element elementor-element-b9d72a9 elementor-widget elementor-widget-text-editor\" data-id=\"b9d72a9\" data-element_type=\"widget\" data-widget_type=\"text-editor.default\">\n\t\t\t\t<div class=\"elementor-widget-container\">\n\t\t\t\t\t\t\t\t\t<p>Bienvenido y felicidades por ser uno de los emprendedores y directivos que quieren estudiar y comprender de manera exacta <strong>la estructura de los costes directos del producto<\/strong>.<\/p>\n<p>Introduce aqu\u00ed tu correo electr\u00f3nico y recibir\u00e1s muy pronto el correo de respuesta con el archivo Excel adjunto para calcular el coste de los productos de chapa.<\/p>\n\t\t\t\t\t\t\t\t<\/div>\n\t\t\t\t<\/div>\n\t\t\t\t<div class=\"elementor-element elementor-element-be1c35e elementor-widget elementor-widget-shortcode\" data-id=\"be1c35e\" data-element_type=\"widget\" data-widget_type=\"shortcode.default\">\n\t\t\t\t<div class=\"elementor-widget-container\">\n\t\t\t\t\t\t\t<div class=\"elementor-shortcode\">\n<div class=\"wpcf7 no-js\" id=\"wpcf7-f532-o1\" lang=\"es-ES\" dir=\"ltr\" data-wpcf7-id=\"532\">\n<div class=\"screen-reader-response\"><p role=\"status\" aria-live=\"polite\" aria-atomic=\"true\"><\/p> <ul><\/ul><\/div>\n<form action=\"\/es\/wp-json\/wp\/v2\/pages\/537#wpcf7-f532-o1\" method=\"post\" class=\"wpcf7-form init demo chimpmatic-1.7.8.02 b57fd2a1f551 cmatic-conn cmatic-aud-14 cmatic-mapd0-0 cmatic-v097803 cmatic-pro-v17802 cmatic-sent-0 cmatic-total-1\" aria-label=\"Formulario de contacto\" novalidate=\"novalidate\" data-status=\"init\">\n<fieldset class=\"hidden-fields-container\"><input type=\"hidden\" name=\"_wpcf7\" value=\"532\" \/><input type=\"hidden\" name=\"_wpcf7_version\" value=\"6.1.4\" \/><input type=\"hidden\" name=\"_wpcf7_locale\" value=\"es_ES\" \/><input type=\"hidden\" name=\"_wpcf7_unit_tag\" value=\"wpcf7-f532-o1\" \/><input type=\"hidden\" name=\"_wpcf7_container_post\" value=\"0\" \/><input type=\"hidden\" name=\"_wpcf7_posted_data_hash\" value=\"\" \/><input type=\"hidden\" name=\"_wpcf7_recaptcha_response\" value=\"\" \/>\n<\/fieldset>\n<p><span class=\"wpcf7-form-control-wrap\" data-name=\"Nome\"><input size=\"40\" maxlength=\"400\" class=\"wpcf7-form-control wpcf7-text wpcf7-validates-as-required\" aria-required=\"true\" aria-invalid=\"false\" placeholder=\"Nombre*\" value=\"\" type=\"text\" name=\"Nome\" \/><\/span>\n<\/p>\n<p><span class=\"wpcf7-form-control-wrap\" data-name=\"Email\"><input size=\"40\" maxlength=\"400\" class=\"wpcf7-form-control wpcf7-email wpcf7-validates-as-required wpcf7-text wpcf7-validates-as-email\" aria-required=\"true\" aria-invalid=\"false\" placeholder=\"Email*\" value=\"\" type=\"email\" name=\"Email\" \/><\/span>\n<\/p>\n<div style=\"font-size:16px; margin-bottom:35px\">\n\t<p><span class=\"wpcf7-form-control-wrap\" data-name=\"masterclass\"><span class=\"wpcf7-form-control wpcf7-checkbox wpcf7-validates-as-required\"><span class=\"wpcf7-list-item first last\"><input type=\"checkbox\" name=\"masterclass[]\" value=\"*\" \/><span class=\"wpcf7-list-item-label\">*<\/span><\/span><\/span><\/span><label for=\"masterclass\">Quiero recibir alertas sobre las pr\u00f3ximas clases magistrales y contenido exclusivo en:<\/label>\n\t<\/p>\n<\/div>\n<p><span class=\"wpcf7-form-control-wrap\" data-name=\"Interessi\"><select class=\"wpcf7-form-control wpcf7-select wpcf7-validates-as-required intrss\" aria-required=\"true\" aria-invalid=\"false\" name=\"Interessi\"><option value=\"\">&#8212;Por favor, elige una opci\u00f3n&#8212;<\/option><option value=\"M\u00e1quinas l\u00e1ser y punzonado\">M\u00e1quinas l\u00e1ser y punzonado<\/option><option value=\"M\u00e1quinas para persianas y protecci\u00f3n solar\">M\u00e1quinas para persianas y protecci\u00f3n solar<\/option><option value=\"Paneles de yeso y m\u00e1quinas de acabado de interiores\">Paneles de yeso y m\u00e1quinas de acabado de interiores<\/option><option value=\"M\u00e1quinas para techos met\u00e1licos\">M\u00e1quinas para techos met\u00e1licos<\/option><option value=\"Todas\">Todas<\/option><\/select><\/span>\n<\/p>\n<p><span class=\"wpcf7-form-control-wrap\" data-name=\"language\"><select class=\"wpcf7-form-control wpcf7-select hidfield\" aria-invalid=\"false\" name=\"language\"><option value=\"ESP\">ESP<\/option><\/select><\/span>\n<\/p>\n<div style=\"font-size:16px; margin-bottom:35px; margin-top:40px;\">\n\t<p><span class=\"wpcf7-form-control-wrap\" data-name=\"PrivacyCF7\"><span class=\"wpcf7-form-control wpcf7-checkbox wpcf7-validates-as-required\"><span class=\"wpcf7-list-item first last\"><input type=\"checkbox\" name=\"PrivacyCF7[]\" value=\"*\" \/><span class=\"wpcf7-list-item-label\">*<\/span><\/span><\/span><\/span><label for=\"privacy\">Al enviar este formulario usted confirma que ha le\u00eddo y aceptado los t\u00e9rminos Dallan <a href=\"https:\/\/www.dallan.com\/it\/privacy-policy\/\" target=\"_black\">Pol\u00edtica de privacidad<\/a><\/label>\n\t<\/p>\n\t<p>Proporciono mis datos de contacto de Dallan puede encontrar informaci\u00f3n sobre eventos Masterclass de acuerdo a mis preferencias. Soy consciente de que tengo la capacidad de eliminar mis datos en cualquier momento. El consentimiento para recibir correos electr\u00f3nicos de marketing de Dallan Spa.\n\t<\/p>\n<\/div>\n<p><input class=\"wpcf7-form-control wpcf7-submit has-spinner btcn7\" type=\"submit\" value=\"Env\u00edame EXCEL ARCHIVO\" \/>\n<\/p><div class=\"wpcf7-response-output\" aria-hidden=\"true\"><\/div>\n<\/form>\n<\/div>\n<\/div>\n\t\t\t\t\t\t<\/div>\n\t\t\t\t<\/div>\n\t\t\t\t\t<\/div>\n\t\t<\/div>\n\t\t\t\t\t<\/div>\n\t\t<\/section>\n\t\t\t\t<section class=\"elementor-section elementor-top-section elementor-element elementor-element-7c5417c elementor-section-boxed elementor-section-height-default elementor-section-height-default\" data-id=\"7c5417c\" data-element_type=\"section\">\n\t\t\t\t\t\t<div class=\"elementor-container elementor-column-gap-default\">\n\t\t\t\t\t<div class=\"elementor-column elementor-col-50 elementor-top-column elementor-element elementor-element-a1a9569\" data-id=\"a1a9569\" data-element_type=\"column\" data-settings=\"{&quot;background_background&quot;:&quot;classic&quot;}\">\n\t\t\t<div class=\"elementor-widget-wrap elementor-element-populated\">\n\t\t\t\t\t\t<div class=\"elementor-element elementor-element-c703ae3 elementor-widget elementor-widget-image\" data-id=\"c703ae3\" data-element_type=\"widget\" data-widget_type=\"image.default\">\n\t\t\t\t<div class=\"elementor-widget-container\">\n\t\t\t\t\t\t\t\t\t\t\t\t\t\t\t<img fetchpriority=\"high\" decoding=\"async\" width=\"800\" height=\"276\" src=\"https:\/\/masterclass.dallan.com\/wp-content\/uploads\/2020\/05\/dallan-logo-gray.png\" class=\"attachment-large size-large wp-image-177\" alt=\"\" srcset=\"https:\/\/masterclass.dallan.com\/wp-content\/uploads\/2020\/05\/dallan-logo-gray.png 800w, https:\/\/masterclass.dallan.com\/wp-content\/uploads\/2020\/05\/dallan-logo-gray-300x104.png 300w, https:\/\/masterclass.dallan.com\/wp-content\/uploads\/2020\/05\/dallan-logo-gray-768x265.png 768w\" sizes=\"(max-width: 800px) 100vw, 800px\" \/>\t\t\t\t\t\t\t\t\t\t\t\t\t\t\t<\/div>\n\t\t\t\t<\/div>\n\t\t\t\t<div class=\"elementor-element elementor-element-e67ccd0 elementor-widget elementor-widget-text-editor\" data-id=\"e67ccd0\" data-element_type=\"widget\" data-widget_type=\"text-editor.default\">\n\t\t\t\t<div class=\"elementor-widget-container\">\n\t\t\t\t\t\t\t\t\t<p>Dallan Spa<br \/>via per Salvatronda, 50<br \/>Castelfranco Veneto &#8211; Italy<\/p>\n\t\t\t\t\t\t\t\t<\/div>\n\t\t\t\t<\/div>\n\t\t\t\t\t<\/div>\n\t\t<\/div>\n\t\t\t\t<div class=\"elementor-column elementor-col-50 elementor-top-column elementor-element elementor-element-d9af41f\" data-id=\"d9af41f\" data-element_type=\"column\" data-settings=\"{&quot;background_background&quot;:&quot;classic&quot;}\">\n\t\t\t<div class=\"elementor-widget-wrap elementor-element-populated\">\n\t\t\t\t\t\t<div class=\"elementor-element elementor-element-0433047 elementor-widget elementor-widget-heading\" data-id=\"0433047\" data-element_type=\"widget\" data-widget_type=\"heading.default\">\n\t\t\t\t<div class=\"elementor-widget-container\">\n\t\t\t\t\t<p class=\"elementor-heading-title elementor-size-default\">Solutions and Systems<br>for thin materials and ahestetic profiles<\/p>\t\t\t\t<\/div>\n\t\t\t\t<\/div>\n\t\t\t\t<div class=\"elementor-element elementor-element-9c85bc8 elementor-shape-circle e-grid-align-right elementor-grid-0 elementor-widget elementor-widget-social-icons\" data-id=\"9c85bc8\" data-element_type=\"widget\" data-widget_type=\"social-icons.default\">\n\t\t\t\t<div class=\"elementor-widget-container\">\n\t\t\t\t\t\t\t<div class=\"elementor-social-icons-wrapper elementor-grid\" role=\"list\">\n\t\t\t\t\t\t\t<span class=\"elementor-grid-item\" role=\"listitem\">\n\t\t\t\t\t<a class=\"elementor-icon elementor-social-icon elementor-social-icon-facebook elementor-repeater-item-b8c82c1\" href=\"https:\/\/www.facebook.com\/dallanspa\/\" target=\"_blank\">\n\t\t\t\t\t\t<span class=\"elementor-screen-only\">Facebook<\/span>\n\t\t\t\t\t\t<i aria-hidden=\"true\" class=\"fab fa-facebook\"><\/i>\t\t\t\t\t<\/a>\n\t\t\t\t<\/span>\n\t\t\t\t\t\t\t<span class=\"elementor-grid-item\" role=\"listitem\">\n\t\t\t\t\t<a class=\"elementor-icon elementor-social-icon elementor-social-icon-youtube elementor-repeater-item-09076d4\" href=\"https:\/\/www.youtube.com\/user\/DallanSPA\" target=\"_blank\">\n\t\t\t\t\t\t<span class=\"elementor-screen-only\">Youtube<\/span>\n\t\t\t\t\t\t<i aria-hidden=\"true\" class=\"fab fa-youtube\"><\/i>\t\t\t\t\t<\/a>\n\t\t\t\t<\/span>\n\t\t\t\t\t\t\t<span class=\"elementor-grid-item\" role=\"listitem\">\n\t\t\t\t\t<a class=\"elementor-icon elementor-social-icon elementor-social-icon-linkedin elementor-repeater-item-94d548a\" href=\"https:\/\/www.linkedin.com\/company\/dallan-spa\" target=\"_blank\">\n\t\t\t\t\t\t<span class=\"elementor-screen-only\">Linkedin<\/span>\n\t\t\t\t\t\t<i aria-hidden=\"true\" class=\"fab fa-linkedin\"><\/i>\t\t\t\t\t<\/a>\n\t\t\t\t<\/span>\n\t\t\t\t\t<\/div>\n\t\t\t\t\t\t<\/div>\n\t\t\t\t<\/div>\n\t\t\t\t<div class=\"elementor-element elementor-element-68f621e elementor-widget elementor-widget-heading\" data-id=\"68f621e\" data-element_type=\"widget\" data-widget_type=\"heading.default\">\n\t\t\t\t<div class=\"elementor-widget-container\">\n\t\t\t\t\t<p class=\"elementor-heading-title elementor-size-default\"><a href=\"https:\/\/www.dallan.com\/\">www.dallan.com<\/a><\/p>\t\t\t\t<\/div>\n\t\t\t\t<\/div>\n\t\t\t\t\t<\/div>\n\t\t<\/div>\n\t\t\t\t\t<\/div>\n\t\t<\/section>\n\t\t\t\t<\/div>\n\t\t","protected":false},"excerpt":{"rendered":"<p>La Revoluzi\u00f3n de la Eficiencia COSTO DEL PRODUCTO Bienvenido y felicidades por ser uno de los emprendedores y directivos que quieren estudiar y comprender de manera exacta la estructura de los costes directos del producto. Introduce aqu\u00ed tu correo electr\u00f3nico y recibir\u00e1s muy pronto el correo de respuesta con el archivo Excel adjunto para calcular [&hellip;]<\/p>\n","protected":false},"author":1,"featured_media":0,"parent":0,"menu_order":0,"comment_status":"closed","ping_status":"closed","template":"elementor_header_footer","meta":{"footnotes":""},"class_list":["post-537","page","type-page","status-publish","hentry"],"yoast_head":"<!-- This site is optimized with the Yoast SEO plugin v26.8 - https:\/\/yoast.com\/product\/yoast-seo-wordpress\/ -->\n<title>Costo del producto - Dallan Masterclass<\/title>\n<meta name=\"robots\" content=\"noindex, follow, max-snippet:-1, max-image-preview:large, max-video-preview:-1\" \/>\n<meta property=\"og:locale\" content=\"es_ES\" \/>\n<meta property=\"og:type\" content=\"article\" \/>\n<meta property=\"og:title\" content=\"Costo del producto - Dallan Masterclass\" \/>\n<meta property=\"og:description\" content=\"La Revoluzi\u00f3n de la Eficiencia COSTO DEL PRODUCTO Bienvenido y felicidades por ser uno de los emprendedores y directivos que quieren estudiar y comprender de manera exacta la estructura de los costes directos del producto. Introduce aqu\u00ed tu correo electr\u00f3nico y recibir\u00e1s muy pronto el correo de respuesta con el archivo Excel adjunto para calcular [&hellip;]\" \/>\n<meta property=\"og:url\" content=\"https:\/\/masterclass.dallan.com\/es\/costo-producto\/\" \/>\n<meta property=\"og:site_name\" content=\"Dallan Masterclass\" \/>\n<meta property=\"article:modified_time\" content=\"2020-06-25T09:38:41+00:00\" \/>\n<meta property=\"og:image\" content=\"https:\/\/masterclass.dallan.com\/wp-content\/uploads\/2020\/05\/dallan-logo-gray.png\" \/>\n<meta name=\"twitter:card\" content=\"summary_large_image\" \/>\n<script type=\"application\/ld+json\" class=\"yoast-schema-graph\">{\"@context\":\"https:\/\/schema.org\",\"@graph\":[{\"@type\":\"WebPage\",\"@id\":\"https:\/\/masterclass.dallan.com\/es\/costo-producto\/\",\"url\":\"https:\/\/masterclass.dallan.com\/es\/costo-producto\/\",\"name\":\"Costo del producto - Dallan Masterclass\",\"isPartOf\":{\"@id\":\"https:\/\/masterclass.dallan.com\/it\/#website\"},\"primaryImageOfPage\":{\"@id\":\"https:\/\/masterclass.dallan.com\/es\/costo-producto\/#primaryimage\"},\"image\":{\"@id\":\"https:\/\/masterclass.dallan.com\/es\/costo-producto\/#primaryimage\"},\"thumbnailUrl\":\"https:\/\/masterclass.dallan.com\/wp-content\/uploads\/2020\/05\/dallan-logo-gray.png\",\"datePublished\":\"2020-06-25T09:34:19+00:00\",\"dateModified\":\"2020-06-25T09:38:41+00:00\",\"breadcrumb\":{\"@id\":\"https:\/\/masterclass.dallan.com\/es\/costo-producto\/#breadcrumb\"},\"inLanguage\":\"es\",\"potentialAction\":[{\"@type\":\"ReadAction\",\"target\":[\"https:\/\/masterclass.dallan.com\/es\/costo-producto\/\"]}]},{\"@type\":\"ImageObject\",\"inLanguage\":\"es\",\"@id\":\"https:\/\/masterclass.dallan.com\/es\/costo-producto\/#primaryimage\",\"url\":\"https:\/\/masterclass.dallan.com\/wp-content\/uploads\/2020\/05\/dallan-logo-gray.png\",\"contentUrl\":\"https:\/\/masterclass.dallan.com\/wp-content\/uploads\/2020\/05\/dallan-logo-gray.png\"},{\"@type\":\"BreadcrumbList\",\"@id\":\"https:\/\/masterclass.dallan.com\/es\/costo-producto\/#breadcrumb\",\"itemListElement\":[{\"@type\":\"ListItem\",\"position\":1,\"name\":\"Home\",\"item\":\"https:\/\/masterclass.dallan.com\/it\/\"},{\"@type\":\"ListItem\",\"position\":2,\"name\":\"Costo del producto\"}]},{\"@type\":\"WebSite\",\"@id\":\"https:\/\/masterclass.dallan.com\/it\/#website\",\"url\":\"https:\/\/masterclass.dallan.com\/it\/\",\"name\":\"Dallan Masterclass\",\"description\":\"Un nuovo sito targato WordPress\",\"potentialAction\":[{\"@type\":\"SearchAction\",\"target\":{\"@type\":\"EntryPoint\",\"urlTemplate\":\"https:\/\/masterclass.dallan.com\/it\/?s={search_term_string}\"},\"query-input\":{\"@type\":\"PropertyValueSpecification\",\"valueRequired\":true,\"valueName\":\"search_term_string\"}}],\"inLanguage\":\"es\"}]}<\/script>\n<!-- \/ Yoast SEO plugin. -->","yoast_head_json":{"title":"Costo del producto - Dallan Masterclass","robots":{"index":"noindex","follow":"follow","max-snippet":"max-snippet:-1","max-image-preview":"max-image-preview:large","max-video-preview":"max-video-preview:-1"},"og_locale":"es_ES","og_type":"article","og_title":"Costo del producto - Dallan Masterclass","og_description":"La Revoluzi\u00f3n de la Eficiencia COSTO DEL PRODUCTO Bienvenido y felicidades por ser uno de los emprendedores y directivos que quieren estudiar y comprender de manera exacta la estructura de los costes directos del producto. Introduce aqu\u00ed tu correo electr\u00f3nico y recibir\u00e1s muy pronto el correo de respuesta con el archivo Excel adjunto para calcular [&hellip;]","og_url":"https:\/\/masterclass.dallan.com\/es\/costo-producto\/","og_site_name":"Dallan Masterclass","article_modified_time":"2020-06-25T09:38:41+00:00","og_image":[{"url":"https:\/\/masterclass.dallan.com\/wp-content\/uploads\/2020\/05\/dallan-logo-gray.png","type":"","width":"","height":""}],"twitter_card":"summary_large_image","schema":{"@context":"https:\/\/schema.org","@graph":[{"@type":"WebPage","@id":"https:\/\/masterclass.dallan.com\/es\/costo-producto\/","url":"https:\/\/masterclass.dallan.com\/es\/costo-producto\/","name":"Costo del producto - Dallan Masterclass","isPartOf":{"@id":"https:\/\/masterclass.dallan.com\/it\/#website"},"primaryImageOfPage":{"@id":"https:\/\/masterclass.dallan.com\/es\/costo-producto\/#primaryimage"},"image":{"@id":"https:\/\/masterclass.dallan.com\/es\/costo-producto\/#primaryimage"},"thumbnailUrl":"https:\/\/masterclass.dallan.com\/wp-content\/uploads\/2020\/05\/dallan-logo-gray.png","datePublished":"2020-06-25T09:34:19+00:00","dateModified":"2020-06-25T09:38:41+00:00","breadcrumb":{"@id":"https:\/\/masterclass.dallan.com\/es\/costo-producto\/#breadcrumb"},"inLanguage":"es","potentialAction":[{"@type":"ReadAction","target":["https:\/\/masterclass.dallan.com\/es\/costo-producto\/"]}]},{"@type":"ImageObject","inLanguage":"es","@id":"https:\/\/masterclass.dallan.com\/es\/costo-producto\/#primaryimage","url":"https:\/\/masterclass.dallan.com\/wp-content\/uploads\/2020\/05\/dallan-logo-gray.png","contentUrl":"https:\/\/masterclass.dallan.com\/wp-content\/uploads\/2020\/05\/dallan-logo-gray.png"},{"@type":"BreadcrumbList","@id":"https:\/\/masterclass.dallan.com\/es\/costo-producto\/#breadcrumb","itemListElement":[{"@type":"ListItem","position":1,"name":"Home","item":"https:\/\/masterclass.dallan.com\/it\/"},{"@type":"ListItem","position":2,"name":"Costo del producto"}]},{"@type":"WebSite","@id":"https:\/\/masterclass.dallan.com\/it\/#website","url":"https:\/\/masterclass.dallan.com\/it\/","name":"Dallan Masterclass","description":"Un nuovo sito targato WordPress","potentialAction":[{"@type":"SearchAction","target":{"@type":"EntryPoint","urlTemplate":"https:\/\/masterclass.dallan.com\/it\/?s={search_term_string}"},"query-input":{"@type":"PropertyValueSpecification","valueRequired":true,"valueName":"search_term_string"}}],"inLanguage":"es"}]}},"_links":{"self":[{"href":"https:\/\/masterclass.dallan.com\/es\/wp-json\/wp\/v2\/pages\/537","targetHints":{"allow":["GET"]}}],"collection":[{"href":"https:\/\/masterclass.dallan.com\/es\/wp-json\/wp\/v2\/pages"}],"about":[{"href":"https:\/\/masterclass.dallan.com\/es\/wp-json\/wp\/v2\/types\/page"}],"author":[{"embeddable":true,"href":"https:\/\/masterclass.dallan.com\/es\/wp-json\/wp\/v2\/users\/1"}],"replies":[{"embeddable":true,"href":"https:\/\/masterclass.dallan.com\/es\/wp-json\/wp\/v2\/comments?post=537"}],"version-history":[{"count":2,"href":"https:\/\/masterclass.dallan.com\/es\/wp-json\/wp\/v2\/pages\/537\/revisions"}],"predecessor-version":[{"id":549,"href":"https:\/\/masterclass.dallan.com\/es\/wp-json\/wp\/v2\/pages\/537\/revisions\/549"}],"wp:attachment":[{"href":"https:\/\/masterclass.dallan.com\/es\/wp-json\/wp\/v2\/media?parent=537"}],"curies":[{"name":"wp","href":"https:\/\/api.w.org\/{rel}","templated":true}]}}